{"id":1769,"date":"2025-08-13T05:48:16","date_gmt":"2025-08-13T05:48:16","guid":{"rendered":"https:\/\/trinational-healthtechdays.com\/?page_id=1769"},"modified":"2025-08-13T05:52:08","modified_gmt":"2025-08-13T05:52:08","slug":"healthtech-dayshealthtech-days-5-2024","status":"publish","type":"page","link":"https:\/\/trinational-healthtechdays.com\/index.php\/healthtech-dayshealthtech-days-5-2024\/","title":{"rendered":"Healthtech Days #5 2024"},"content":{"rendered":"\t\t<div data-elementor-type=\"wp-page\" data-elementor-id=\"1769\" class=\"elementor elementor-1769\">\n\t\t\t\t\t\t\t\t\t<section class=\"elementor-section elementor-top-section elementor-element elementor-element-48fb5de elementor-section-boxed elementor-section-height-default elementor-section-height-default\" data-id=\"48fb5de\" data-element_type=\"section\" data-settings=\"{&quot;background_background&quot;:&quot;classic&quot;}\">\n\t\t\t\t\t\t<div class=\"elementor-container elementor-column-gap-default\">\n\t\t\t\t\t<div class=\"elementor-column elementor-col-100 elementor-top-column elementor-element elementor-element-0bfdfeb\" data-id=\"0bfdfeb\" data-element_type=\"column\">\n\t\t\t<div class=\"elementor-widget-wrap elementor-element-populated\">\n\t\t\t\t\t\t\t\t<div class=\"elementor-element elementor-element-d4a2092 elementor-widget elementor-widget-text-editor\" data-id=\"d4a2092\" data-element_type=\"widget\" data-widget_type=\"text-editor.default\">\n\t\t\t\t<div class=\"elementor-widget-container\">\n\t\t\t<style>\/*! elementor - v3.6.6 - 08-06-2022 *\/\n.elementor-widget-text-editor.elementor-drop-cap-view-stacked .elementor-drop-cap{background-color:#818a91;color:#fff}.elementor-widget-text-editor.elementor-drop-cap-view-framed .elementor-drop-cap{color:#818a91;border:3px solid;background-color:transparent}.elementor-widget-text-editor:not(.elementor-drop-cap-view-default) .elementor-drop-cap{margin-top:8px}.elementor-widget-text-editor:not(.elementor-drop-cap-view-default) .elementor-drop-cap-letter{width:1em;height:1em}.elementor-widget-text-editor .elementor-drop-cap{float:left;text-align:center;line-height:1;font-size:50px}.elementor-widget-text-editor .elementor-drop-cap-letter{display:inline-block}<\/style>\t\t\t\t<h3 style=\"text-align: center;\"><span style=\"color: #333333;\"><strong>PROGRAM (edition 2024) <br><\/strong><\/span><\/h3>\n<h5><span style=\"color: #333333;\"><strong>November 7 &#8211; <\/strong><strong>Day 1<\/strong><strong><br><\/strong><\/span><\/h5>\n<h5><span style=\"color: #333333;\">Market access strategy for health products and country particularities<\/span><strong><br><\/strong><\/h5>\t\t\t\t\t\t<\/div>\n\t\t\t\t<\/div>\n\t\t\t\t\t<\/div>\n\t\t<\/div>\n\t\t\t\t\t\t\t<\/div>\n\t\t<\/section>\n\t\t\t\t<section class=\"elementor-section elementor-top-section elementor-element elementor-element-a538c24 elementor-section-boxed elementor-section-height-default elementor-section-height-default\" data-id=\"a538c24\" data-element_type=\"section\" data-settings=\"{&quot;background_background&quot;:&quot;classic&quot;}\">\n\t\t\t\t\t\t<div class=\"elementor-container elementor-column-gap-default\">\n\t\t\t\t\t<div class=\"elementor-column elementor-col-50 elementor-top-column elementor-element elementor-element-085feec\" data-id=\"085feec\" data-element_type=\"column\">\n\t\t\t<div class=\"elementor-widget-wrap elementor-element-populated\">\n\t\t\t\t\t\t\t\t<div class=\"elementor-element elementor-element-41721fd elementor-view-default elementor-widget elementor-widget-icon\" data-id=\"41721fd\" data-element_type=\"widget\" data-widget_type=\"icon.default\">\n\t\t\t\t<div class=\"elementor-widget-container\">\n\t\t\t\t\t<div class=\"elementor-icon-wrapper\">\n\t\t\t<div class=\"elementor-icon\">\n\t\t\t<i aria-hidden=\"true\" class=\"fas fa-map-marker-alt\"><\/i>\t\t\t<\/div>\n\t\t<\/div>\n\t\t\t\t<\/div>\n\t\t\t\t<\/div>\n\t\t\t\t\t<\/div>\n\t\t<\/div>\n\t\t\t\t<div class=\"elementor-column elementor-col-50 elementor-top-column elementor-element elementor-element-5701f9f\" data-id=\"5701f9f\" data-element_type=\"column\">\n\t\t\t<div class=\"elementor-widget-wrap elementor-element-populated\">\n\t\t\t\t\t\t\t\t<div class=\"elementor-element elementor-element-841e18f elementor-widget elementor-widget-text-editor\" data-id=\"841e18f\" data-element_type=\"widget\" data-widget_type=\"text-editor.default\">\n\t\t\t\t<div class=\"elementor-widget-container\">\n\t\t\t\t\t\t\t<h6><span style=\"color: #333333;\">BREISACH AM RHEIN<br \/><\/span><\/h6>\t\t\t\t\t\t<\/div>\n\t\t\t\t<\/div>\n\t\t\t\t\t<\/div>\n\t\t<\/div>\n\t\t\t\t\t\t\t<\/div>\n\t\t<\/section>\n\t\t\t\t<section class=\"elementor-section elementor-top-section elementor-element elementor-element-e56b35d elementor-section-boxed elementor-section-height-default elementor-section-height-default\" data-id=\"e56b35d\" data-element_type=\"section\" data-settings=\"{&quot;background_background&quot;:&quot;classic&quot;}\">\n\t\t\t\t\t\t<div class=\"elementor-container elementor-column-gap-default\">\n\t\t\t\t\t<div class=\"elementor-column elementor-col-100 elementor-top-column elementor-element elementor-element-e580bc2\" data-id=\"e580bc2\" data-element_type=\"column\">\n\t\t\t<div class=\"elementor-widget-wrap elementor-element-populated\">\n\t\t\t\t\t\t\t\t<div class=\"elementor-element elementor-element-deaf59a elementor-widget-divider--view-line elementor-widget elementor-widget-divider\" data-id=\"deaf59a\" data-element_type=\"widget\" data-widget_type=\"divider.default\">\n\t\t\t\t<div class=\"elementor-widget-container\">\n\t\t\t<style>\/*! elementor - v3.6.6 - 08-06-2022 *\/\n.elementor-widget-divider{--divider-border-style:none;--divider-border-width:1px;--divider-color:#2c2c2c;--divider-icon-size:20px;--divider-element-spacing:10px;--divider-pattern-height:24px;--divider-pattern-size:20px;--divider-pattern-url:none;--divider-pattern-repeat:repeat-x}.elementor-widget-divider .elementor-divider{display:-webkit-box;display:-ms-flexbox;display:flex}.elementor-widget-divider .elementor-divider__text{font-size:15px;line-height:1;max-width:95%}.elementor-widget-divider .elementor-divider__element{margin:0 var(--divider-element-spacing);-ms-flex-negative:0;flex-shrink:0}.elementor-widget-divider .elementor-icon{font-size:var(--divider-icon-size)}.elementor-widget-divider .elementor-divider-separator{display:-webkit-box;display:-ms-flexbox;display:flex;margin:0;direction:ltr}.elementor-widget-divider--view-line_icon .elementor-divider-separator,.elementor-widget-divider--view-line_text .elementor-divider-separator{-webkit-box-align:center;-ms-flex-align:center;align-items:center}.elementor-widget-divider--view-line_icon .elementor-divider-separator:after,.elementor-widget-divider--view-line_icon .elementor-divider-separator:before,.elementor-widget-divider--view-line_text .elementor-divider-separator:after,.elementor-widget-divider--view-line_text .elementor-divider-separator:before{display:block;content:\"\";border-bottom:0;-webkit-box-flex:1;-ms-flex-positive:1;flex-grow:1;border-top:var(--divider-border-width) var(--divider-border-style) var(--divider-color)}.elementor-widget-divider--element-align-left .elementor-divider .elementor-divider-separator>.elementor-divider__svg:first-of-type{-webkit-box-flex:0;-ms-flex-positive:0;flex-grow:0;-ms-flex-negative:100;flex-shrink:100}.elementor-widget-divider--element-align-left .elementor-divider-separator:before{content:none}.elementor-widget-divider--element-align-left .elementor-divider__element{margin-left:0}.elementor-widget-divider--element-align-right .elementor-divider .elementor-divider-separator>.elementor-divider__svg:last-of-type{-webkit-box-flex:0;-ms-flex-positive:0;flex-grow:0;-ms-flex-negative:100;flex-shrink:100}.elementor-widget-divider--element-align-right .elementor-divider-separator:after{content:none}.elementor-widget-divider--element-align-right .elementor-divider__element{margin-right:0}.elementor-widget-divider:not(.elementor-widget-divider--view-line_text):not(.elementor-widget-divider--view-line_icon) .elementor-divider-separator{border-top:var(--divider-border-width) var(--divider-border-style) var(--divider-color)}.elementor-widget-divider--separator-type-pattern{--divider-border-style:none}.elementor-widget-divider--separator-type-pattern.elementor-widget-divider--view-line .elementor-divider-separator,.elementor-widget-divider--separator-type-pattern:not(.elementor-widget-divider--view-line) .elementor-divider-separator:after,.elementor-widget-divider--separator-type-pattern:not(.elementor-widget-divider--view-line) .elementor-divider-separator:before,.elementor-widget-divider--separator-type-pattern:not([class*=elementor-widget-divider--view]) .elementor-divider-separator{width:100%;min-height:var(--divider-pattern-height);-webkit-mask-size:var(--divider-pattern-size) 100%;mask-size:var(--divider-pattern-size) 100%;-webkit-mask-repeat:var(--divider-pattern-repeat);mask-repeat:var(--divider-pattern-repeat);background-color:var(--divider-color);-webkit-mask-image:var(--divider-pattern-url);mask-image:var(--divider-pattern-url)}.elementor-widget-divider--no-spacing{--divider-pattern-size:auto}.elementor-widget-divider--bg-round{--divider-pattern-repeat:round}.rtl .elementor-widget-divider .elementor-divider__text{direction:rtl}<\/style>\t\t<div class=\"elementor-divider\">\n\t\t\t<span class=\"elementor-divider-separator\">\n\t\t\t\t\t\t<\/span>\n\t\t<\/div>\n\t\t\t\t<\/div>\n\t\t\t\t<\/div>\n\t\t\t\t\t<\/div>\n\t\t<\/div>\n\t\t\t\t\t\t\t<\/div>\n\t\t<\/section>\n\t\t\t\t<section class=\"elementor-section elementor-top-section elementor-element elementor-element-a0ec384 elementor-section-boxed elementor-section-height-default elementor-section-height-default\" data-id=\"a0ec384\" data-element_type=\"section\" data-settings=\"{&quot;background_background&quot;:&quot;classic&quot;}\">\n\t\t\t\t\t\t<div class=\"elementor-container elementor-column-gap-default\">\n\t\t\t\t\t<div class=\"elementor-column elementor-col-50 elementor-top-column elementor-element elementor-element-5533a5a\" data-id=\"5533a5a\" data-element_type=\"column\">\n\t\t\t<div class=\"elementor-widget-wrap elementor-element-populated\">\n\t\t\t\t\t\t\t\t<div class=\"elementor-element elementor-element-94c7c56 elementor-widget elementor-widget-text-editor\" data-id=\"94c7c56\" data-element_type=\"widget\" data-widget_type=\"text-editor.default\">\n\t\t\t\t<div class=\"elementor-widget-container\">\n\t\t\t\t\t\t\t<p>09.30 \u2013 10.15<br \/>Welcome coffee and registration<\/p><p><span style=\"color: #000000;\">10:15 &#8211; 10:30<\/span><br \/><strong>OPENING REMARKS<\/strong><br \/>Speaker: Dr. Thomas Scheuerle, CEO BadenCampus<\/p><p>10.30 \u2013 10.45<br \/><strong>Introduction by the trinational consortium members<\/strong><br \/>Speakers: Guillaume Vetter-Genoud, Director Quest for health; Christian Elias Schneider, Head of the Innovation Office, University of Basel; Dr. Bodo Br\u00fcckner, Startup advisor coordinator Life Science Accelerator Baden-W\u00fcrttemberg; G\u00fcnther Kornacker, Coordinator Startup Programs, arise by BadenCampus<\/p><p>10.45 &#8211; 12.00<br \/><strong>KEYNOTE:<\/strong><br \/><strong>Data centricity- Data quality. Integration in existing healthcare environment<\/strong><br \/>Speaker: Dr. Michael Lauk, Chief Digital Officer, B. Braun SE<\/p><p><strong>PANEL DISCUSSION:<\/strong><br \/><strong>How can we ensure medical care despite exploding costs<br \/><\/strong>Oliver Bailey, Principal IQVIA; \u00d6zg\u00fcl Boztepe, Startup consulting, BIOPRO; Dr. Michael Lauk, Chief Digital Officer, B. Braun SE; Michel de Mathelin, Vice President of the University of Strasbourg; Julius Wehrle, Data integration centre, University Hospital Freiburg<\/p><p>12:10-14:00<br \/>Lunch<\/p><p>14.00 &#8211; 15.30<br \/><strong>WORKSHOPS<\/strong><br \/>Parallel sessions by Sector<\/p><p><strong>Biotech: AI in Drug Development: Revolutionary force or just a myth? Unpacking the realities, limitations and real opportunities for biotech start up<\/strong><br \/>Moderator: Zaki Sellam, Msc, MBA, CEO Landmark BioVentures AG<br \/>Speakers: Ricardo Gaminha Pacheco, <span aria-hidden=\"true\">Strategic Partnering, Business Development &amp; Licensing Director<\/span>, Insilico Medicine; Lilia Abtroun, Global Head &#8211; Sales &amp; Business Devlopment, Genedata <\/p><p><strong>Medtech: New Generation Diagnostics and market access strategies<\/strong><br \/>Moderator: Christian Elias Schneider, Head of the Innovation Office, University of Basel<br \/>Speakers: Christophe Girardey, expert in medtech regulation at wega; St\u00e9phanie Hilbold, Quality and Regulatory Director at RDS &#8211; Prof. Dr. Jens Eckstein; CMIO \/ Senior Staff Physician, Internal Medicine, Processes \/ Clinical IT, University Hospital Basel; Dr. med. Katharina Friedrich, Clinical Evaluation and PMCF Strategies for Medical Devices<\/p><p><strong>Digital Health: Innovative data integration in the times of AI and ChatGPT<br \/><\/strong>Moderators: Dr. Bodo Br\u00fcckner, Life Science Accelerator Baden-W\u00fcrttemberg &amp; Malaika Lauk, arise by BadenCampus<br \/>Speaker: Oliver Bailey, Principal IQVIA<\/p><p><strong><span style=\"color: #000000;\"><span style=\"color: #808080;\">Digital Health Apps (DiGA) and the usage of health data &#8211; do we utilize the full potential?<\/span><br \/><\/span><\/strong><span style=\"color: #808080;\">Speakers: <\/span>Thorsten Mintel, Director Strategic Innovation Pfizer; Dr. Korn\u00e9l Mark\u00f3, CEO Averbis<\/p><p>15:30 &#8211; 15:45<br \/>Coffee break<\/p><p>15:45 &#8211; 16:15<br \/><strong>SUMMARY OF THE WORKSHOPS<br \/>INTRODUCTION BIOCAMPUS INITIATIVE<\/strong><\/p><p>16:15 &#8211; 18:00<br \/><strong>NETWORKING<\/strong><\/p>\t\t\t\t\t\t<\/div>\n\t\t\t\t<\/div>\n\t\t\t\t\t<\/div>\n\t\t<\/div>\n\t\t\t\t<div class=\"elementor-column elementor-col-50 elementor-top-column elementor-element elementor-element-8e801f4\" data-id=\"8e801f4\" data-element_type=\"column\">\n\t\t\t<div class=\"elementor-widget-wrap\">\n\t\t\t\t\t\t\t\t\t<\/div>\n\t\t<\/div>\n\t\t\t\t\t\t\t<\/div>\n\t\t<\/section>\n\t\t\t\t<section class=\"elementor-section elementor-top-section elementor-element elementor-element-8161bc0 elementor-section-boxed elementor-section-height-default elementor-section-height-default\" data-id=\"8161bc0\" data-element_type=\"section\" data-settings=\"{&quot;background_background&quot;:&quot;classic&quot;}\">\n\t\t\t\t\t\t<div class=\"elementor-container elementor-column-gap-default\">\n\t\t\t\t\t<div class=\"elementor-column elementor-col-100 elementor-top-column elementor-element elementor-element-110eaa6\" data-id=\"110eaa6\" data-element_type=\"column\">\n\t\t\t<div class=\"elementor-widget-wrap elementor-element-populated\">\n\t\t\t\t\t\t\t\t<div class=\"elementor-element elementor-element-8ac394c elementor-widget elementor-widget-text-editor\" data-id=\"8ac394c\" data-element_type=\"widget\" data-widget_type=\"text-editor.default\">\n\t\t\t\t<div class=\"elementor-widget-container\">\n\t\t\t\t\t\t\t<h5><span style=\"color: #333333;\"><strong>November 8 \u2013 Day <\/strong><strong>2 <\/strong><\/span><\/h5><h5><span style=\"color: #333333;\">One-on-One meetings between startups and investors\/corporates<\/span><\/h5>\t\t\t\t\t\t<\/div>\n\t\t\t\t<\/div>\n\t\t\t\t\t<\/div>\n\t\t<\/div>\n\t\t\t\t\t\t\t<\/div>\n\t\t<\/section>\n\t\t\t\t<section class=\"elementor-section elementor-top-section elementor-element elementor-element-441ed4c elementor-section-boxed elementor-section-height-default elementor-section-height-default\" data-id=\"441ed4c\" data-element_type=\"section\" data-settings=\"{&quot;background_background&quot;:&quot;classic&quot;}\">\n\t\t\t\t\t\t<div class=\"elementor-container elementor-column-gap-default\">\n\t\t\t\t\t<div class=\"elementor-column elementor-col-50 elementor-top-column elementor-element elementor-element-4d8c652\" data-id=\"4d8c652\" data-element_type=\"column\">\n\t\t\t<div class=\"elementor-widget-wrap elementor-element-populated\">\n\t\t\t\t\t\t\t\t<div class=\"elementor-element elementor-element-7a5009a elementor-view-default elementor-widget elementor-widget-icon\" data-id=\"7a5009a\" data-element_type=\"widget\" data-widget_type=\"icon.default\">\n\t\t\t\t<div class=\"elementor-widget-container\">\n\t\t\t\t\t<div class=\"elementor-icon-wrapper\">\n\t\t\t<div class=\"elementor-icon\">\n\t\t\t<i aria-hidden=\"true\" class=\"fas fa-laptop\"><\/i>\t\t\t<\/div>\n\t\t<\/div>\n\t\t\t\t<\/div>\n\t\t\t\t<\/div>\n\t\t\t\t\t<\/div>\n\t\t<\/div>\n\t\t\t\t<div class=\"elementor-column elementor-col-50 elementor-top-column elementor-element elementor-element-95573fb\" data-id=\"95573fb\" data-element_type=\"column\">\n\t\t\t<div class=\"elementor-widget-wrap elementor-element-populated\">\n\t\t\t\t\t\t\t\t<div class=\"elementor-element elementor-element-e5a6a3d elementor-widget elementor-widget-text-editor\" data-id=\"e5a6a3d\" data-element_type=\"widget\" data-widget_type=\"text-editor.default\">\n\t\t\t\t<div class=\"elementor-widget-container\">\n\t\t\t\t\t\t\t<h6><span style=\"color: #333333;\">Online<\/span><\/h6>\t\t\t\t\t\t<\/div>\n\t\t\t\t<\/div>\n\t\t\t\t\t<\/div>\n\t\t<\/div>\n\t\t\t\t\t\t\t<\/div>\n\t\t<\/section>\n\t\t\t\t<section class=\"elementor-section elementor-top-section elementor-element elementor-element-fd03717 elementor-section-boxed elementor-section-height-default elementor-section-height-default\" data-id=\"fd03717\" data-element_type=\"section\" data-settings=\"{&quot;background_background&quot;:&quot;classic&quot;}\">\n\t\t\t\t\t\t<div class=\"elementor-container elementor-column-gap-default\">\n\t\t\t\t\t<div class=\"elementor-column elementor-col-100 elementor-top-column elementor-element elementor-element-fb025e8\" data-id=\"fb025e8\" data-element_type=\"column\">\n\t\t\t<div class=\"elementor-widget-wrap elementor-element-populated\">\n\t\t\t\t\t\t\t\t<div class=\"elementor-element elementor-element-3528d99 elementor-widget-divider--view-line elementor-widget elementor-widget-divider\" data-id=\"3528d99\" data-element_type=\"widget\" data-widget_type=\"divider.default\">\n\t\t\t\t<div class=\"elementor-widget-container\">\n\t\t\t\t\t<div class=\"elementor-divider\">\n\t\t\t<span class=\"elementor-divider-separator\">\n\t\t\t\t\t\t<\/span>\n\t\t<\/div>\n\t\t\t\t<\/div>\n\t\t\t\t<\/div>\n\t\t\t\t\t<\/div>\n\t\t<\/div>\n\t\t\t\t\t\t\t<\/div>\n\t\t<\/section>\n\t\t\t\t<section class=\"elementor-section elementor-top-section elementor-element elementor-element-78949a5 elementor-section-boxed elementor-section-height-default elementor-section-height-default\" data-id=\"78949a5\" data-element_type=\"section\" data-settings=\"{&quot;background_background&quot;:&quot;classic&quot;}\">\n\t\t\t\t\t\t<div class=\"elementor-container elementor-column-gap-default\">\n\t\t\t\t\t<div class=\"elementor-column elementor-col-50 elementor-top-column elementor-element elementor-element-447cc31\" data-id=\"447cc31\" data-element_type=\"column\">\n\t\t\t<div class=\"elementor-widget-wrap elementor-element-populated\">\n\t\t\t\t\t\t\t\t<div class=\"elementor-element elementor-element-a3ce74d elementor-widget elementor-widget-text-editor\" data-id=\"a3ce74d\" data-element_type=\"widget\" data-widget_type=\"text-editor.default\">\n\t\t\t\t<div class=\"elementor-widget-container\">\n\t\t\t\t\t\t\t<p><span style=\"color: #000000;\">13.00 \u2013 13.15:<\/span><strong><span style=\"color: #333333;\"> Opening and instructions<\/span><br \/><\/strong><\/p><p><span style=\"color: #000000;\">13.15 \u2013 16.00<\/span><strong><span style=\"color: #000000;\">:<\/span><span style=\"color: #333333;\"> One-on-one sessions<\/span><\/strong><\/p>\t\t\t\t\t\t<\/div>\n\t\t\t\t<\/div>\n\t\t\t\t\t<\/div>\n\t\t<\/div>\n\t\t\t\t<div class=\"elementor-column elementor-col-50 elementor-top-column elementor-element elementor-element-d076c2e\" data-id=\"d076c2e\" data-element_type=\"column\">\n\t\t\t<div class=\"elementor-widget-wrap elementor-element-populated\">\n\t\t\t\t\t\t\t\t<div class=\"elementor-element elementor-element-9d3317a elementor-widget elementor-widget-text-editor\" data-id=\"9d3317a\" data-element_type=\"widget\" data-widget_type=\"text-editor.default\">\n\t\t\t\t<div class=\"elementor-widget-container\">\n\t\t\t\t\t\t\t\t\t\t\t\t\t<\/div>\n\t\t\t\t<\/div>\n\t\t\t\t\t<\/div>\n\t\t<\/div>\n\t\t\t\t\t\t\t<\/div>\n\t\t<\/section>\n\t\t\t\t\t\t\t<\/div>\n\t\t","protected":false},"excerpt":{"rendered":"<p>PROGRAM (edition 2024) November 7 &#8211; Day 1 Market access strategy for health products and country particularities BREISACH AM RHEIN 09.30 \u2013 10.15Welcome coffee and registration 10:15 &#8211; 10:30OPENING REMARKSSpeaker: Dr. Thomas Scheuerle, CEO BadenCampus 10.30 \u2013 10.45Introduction by the &hellip; <a href=\"https:\/\/trinational-healthtechdays.com\/index.php\/healthtech-dayshealthtech-days-5-2024\/\">Read More<\/a><\/p>\n","protected":false},"author":1,"featured_media":0,"parent":0,"menu_order":0,"comment_status":"closed","ping_status":"closed","template":"","meta":{"footnotes":""},"class_list":["post-1769","page","type-page","status-publish","hentry"],"_links":{"self":[{"href":"https:\/\/trinational-healthtechdays.com\/index.php\/wp-json\/wp\/v2\/pages\/1769","targetHints":{"allow":["GET"]}}],"collection":[{"href":"https:\/\/trinational-healthtechdays.com\/index.php\/wp-json\/wp\/v2\/pages"}],"about":[{"href":"https:\/\/trinational-healthtechdays.com\/index.php\/wp-json\/wp\/v2\/types\/page"}],"author":[{"embeddable":true,"href":"https:\/\/trinational-healthtechdays.com\/index.php\/wp-json\/wp\/v2\/users\/1"}],"replies":[{"embeddable":true,"href":"https:\/\/trinational-healthtechdays.com\/index.php\/wp-json\/wp\/v2\/comments?post=1769"}],"version-history":[{"count":6,"href":"https:\/\/trinational-healthtechdays.com\/index.php\/wp-json\/wp\/v2\/pages\/1769\/revisions"}],"predecessor-version":[{"id":1778,"href":"https:\/\/trinational-healthtechdays.com\/index.php\/wp-json\/wp\/v2\/pages\/1769\/revisions\/1778"}],"wp:attachment":[{"href":"https:\/\/trinational-healthtechdays.com\/index.php\/wp-json\/wp\/v2\/media?parent=1769"}],"curies":[{"name":"wp","href":"https:\/\/api.w.org\/{rel}","templated":true}]}}